{"id":13,"date":"2020-02-24T19:19:03","date_gmt":"2020-02-24T19:19:03","guid":{"rendered":"http:\/\/haus-und-pfote.de\/?page_id=13"},"modified":"2023-06-29T11:52:25","modified_gmt":"2023-06-29T11:52:25","slug":"ueber-mich","status":"publish","type":"page","link":"https:\/\/haus-und-pfote.de\/?page_id=13","title":{"rendered":"\u00dcber mich"},"content":{"rendered":"\n<figure class=\"wp-block-gallery has-nested-images columns-default is-cropped wp-block-gallery-1 is-layout-flex wp-block-gallery-is-layout-flex\">\n<figure class=\"wp-block-image size-large\"><img loading=\"lazy\" decoding=\"async\" width=\"765\" height=\"1024\" data-id=\"193\" src=\"https:\/\/haus-und-pfote.de\/wp-content\/uploads\/2020\/11\/iphone-891-765x1024.jpg\" alt=\"\" class=\"wp-image-193\" srcset=\"https:\/\/haus-und-pfote.de\/wp-content\/uploads\/2020\/11\/iphone-891-765x1024.jpg 765w, https:\/\/haus-und-pfote.de\/wp-content\/uploads\/2020\/11\/iphone-891-224x300.jpg 224w, https:\/\/haus-und-pfote.de\/wp-content\/uploads\/2020\/11\/iphone-891-768x1028.jpg 768w, https:\/\/haus-und-pfote.de\/wp-content\/uploads\/2020\/11\/iphone-891-1147x1536.jpg 1147w, https:\/\/haus-und-pfote.de\/wp-content\/uploads\/2020\/11\/iphone-891-1530x2048.jpg 1530w, https:\/\/haus-und-pfote.de\/wp-content\/uploads\/2020\/11\/iphone-891-scaled.jpg 1912w\" sizes=\"auto, (max-width: 765px) 100vw, 765px\" \/><figcaption class=\"wp-element-caption\">Back Camera<\/figcaption><\/figure>\n\n\n\n<figure class=\"wp-block-image size-large\"><img loading=\"lazy\" decoding=\"async\" width=\"1024\" height=\"765\" data-id=\"194\" src=\"https:\/\/haus-und-pfote.de\/wp-content\/uploads\/2020\/11\/iphone-906-1-1024x765.jpg\" alt=\"\" class=\"wp-image-194\" srcset=\"https:\/\/haus-und-pfote.de\/wp-content\/uploads\/2020\/11\/iphone-906-1-1024x765.jpg 1024w, https:\/\/haus-und-pfote.de\/wp-content\/uploads\/2020\/11\/iphone-906-1-300x224.jpg 300w, https:\/\/haus-und-pfote.de\/wp-content\/uploads\/2020\/11\/iphone-906-1-768x574.jpg 768w, https:\/\/haus-und-pfote.de\/wp-content\/uploads\/2020\/11\/iphone-906-1-1536x1147.jpg 1536w, https:\/\/haus-und-pfote.de\/wp-content\/uploads\/2020\/11\/iphone-906-1-2048x1530.jpg 2048w\" sizes=\"auto, (max-width: 1024px) 100vw, 1024px\" \/><figcaption class=\"wp-element-caption\">Back Camera<\/figcaption><\/figure>\n\n\n\n<figure class=\"wp-block-image size-large\"><img loading=\"lazy\" decoding=\"async\" width=\"765\" height=\"1024\" data-id=\"195\" src=\"https:\/\/haus-und-pfote.de\/wp-content\/uploads\/2020\/11\/iphone-920-765x1024.jpg\" alt=\"\" class=\"wp-image-195\" srcset=\"https:\/\/haus-und-pfote.de\/wp-content\/uploads\/2020\/11\/iphone-920-765x1024.jpg 765w, https:\/\/haus-und-pfote.de\/wp-content\/uploads\/2020\/11\/iphone-920-224x300.jpg 224w, https:\/\/haus-und-pfote.de\/wp-content\/uploads\/2020\/11\/iphone-920-768x1028.jpg 768w, https:\/\/haus-und-pfote.de\/wp-content\/uploads\/2020\/11\/iphone-920-1147x1536.jpg 1147w, https:\/\/haus-und-pfote.de\/wp-content\/uploads\/2020\/11\/iphone-920-1530x2048.jpg 1530w, https:\/\/haus-und-pfote.de\/wp-content\/uploads\/2020\/11\/iphone-920-scaled.jpg 1912w\" sizes=\"auto, (max-width: 765px) 100vw, 765px\" \/><figcaption class=\"wp-element-caption\">Back Camera<\/figcaption><\/figure>\n<\/figure>\n\n\n\n<p><\/p>\n\n\n\n<p>Ich schreibe nicht gerne \u00fcber mich, aber vlt ein paar grundlegende Infos. Im Alter von 7 Jahren hatte ich meinen ersten Hund . Er war ein kleiner Dackelmix. An ihm machte ich meine ersten Versuche meinem Hund Gehorsam beizubringen. Was soll ich sagen; es gelang mir halbwegs. Er gab Pf\u00f6tchen, machte toter Mann und wenn ich ihn rief kam er ,oder schn\u00fcffelte erst noch fertig. Aber trotzdem war ich enorm stolz. Etwa mit 10 Jahren entdeckte ich meine Liebe f\u00fcr den Deutschen Sch\u00e4ferhund. Wir hatten einen Hundeplatz in der N\u00e4he den ich regelm\u00e4\u00dfig besuchte mit meinem Dackelmix. Mit 18 bekam ich dann meinen ersten Sch\u00e4ferhund. Dann folgten die vielen Ausbildungen, und sp\u00e4ter dann auch noch die Zucht. Ich leitete auch verschiedene Gruppen , Welpentreff, Hundef\u00fchrerschein usw.                                          Arbeitsbedingt hatte ich dann einige Jahre keinen Hund mehr. Sp\u00e4ter war ich in der Tierhilfe t\u00e4tig. Dort lernte ich auch, mit Hunden die Traumatisiert und schlechte Haltung erfahren hatten ,umzugehen .                                                                                                                                                       Alle anderen Fragen die noch offen sind gerne in einem pers\u00f6nlichen Gespr\u00e4ch.<\/p>\n\n\n\n<p><\/p>\n\n\n\n<p>Lernt mich einfach kennen und macht euch selbst euer Bild.    Jaqueline<\/p>\n\n\n\n<p>                                     <\/p>\n\n\n\n<p><\/p>\n","protected":false},"excerpt":{"rendered":"<p>Ich schreibe nicht gerne \u00fcber mich, aber vlt ein paar grundlegende Infos. Im Alter von 7 Jahren hatte ich meinen ersten Hund . Er war ein kleiner Dackelmix. An ihm machte ich meine ersten Versuche meinem Hund Gehorsam beizubringen. Was &hellip; <a href=\"https:\/\/haus-und-pfote.de\/?page_id=13\">Weiterlesen <span class=\"meta-nav\">&rarr;<\/span><\/a><\/p>\n","protected":false},"author":3,"featured_media":0,"parent":0,"menu_order":0,"comment_status":"closed","ping_status":"closed","template":"","meta":{"footnotes":""},"class_list":["post-13","page","type-page","status-publish","hentry"],"_links":{"self":[{"href":"https:\/\/haus-und-pfote.de\/index.php?rest_route=\/wp\/v2\/pages\/13","targetHints":{"allow":["GET"]}}],"collection":[{"href":"https:\/\/haus-und-pfote.de\/index.php?rest_route=\/wp\/v2\/pages"}],"about":[{"href":"https:\/\/haus-und-pfote.de\/index.php?rest_route=\/wp\/v2\/types\/page"}],"author":[{"embeddable":true,"href":"https:\/\/haus-und-pfote.de\/index.php?rest_route=\/wp\/v2\/users\/3"}],"replies":[{"embeddable":true,"href":"https:\/\/haus-und-pfote.de\/index.php?rest_route=%2Fwp%2Fv2%2Fcomments&post=13"}],"version-history":[{"count":4,"href":"https:\/\/haus-und-pfote.de\/index.php?rest_route=\/wp\/v2\/pages\/13\/revisions"}],"predecessor-version":[{"id":403,"href":"https:\/\/haus-und-pfote.de\/index.php?rest_route=\/wp\/v2\/pages\/13\/revisions\/403"}],"wp:attachment":[{"href":"https:\/\/haus-und-pfote.de\/index.php?rest_route=%2Fwp%2Fv2%2Fmedia&parent=13"}],"curies":[{"name":"wp","href":"https:\/\/api.w.org\/{rel}","templated":true}]}}