{"id":26,"date":"2020-02-24T19:41:00","date_gmt":"2020-02-24T19:41:00","guid":{"rendered":"http:\/\/haus-und-pfote.de\/?page_id=26"},"modified":"2023-07-22T06:30:56","modified_gmt":"2023-07-22T06:30:56","slug":"home","status":"publish","type":"page","link":"https:\/\/haus-und-pfote.de\/","title":{"rendered":"Home"},"content":{"rendered":"\n<p>Hallo liebe Besucher!<\/p>\n\n\n\n<p>Wie der Name schon sagt, geht es hier um Haus und Pfote.<\/p>\n\n\n\n<p>Das hei\u00dft: Ihr m\u00f6chtet in Urlaub fahren und habt Haustiere, die versorgt<\/p>\n\n\n\n<p>                     werden m\u00fcssen. Dabei sollen die Haustiere in ihrem gewohnten <\/p>\n\n\n\n<p>                    Umfeld bleiben. Kein Problem, ich \u00fcbernehme f\u00fcr die Zeit Eures Urlaubs gerne die   <\/p>\n\n\n\n<p>                      Betreuung Eurer Haustiere. Nebenbei versorge ich Eure Pflanzen mit Wasser und<\/p>\n\n\n\n<p>                     leere Euren Briefkasten. Nat\u00fcrlich komme ich auch bei Krankenhausaufenthalt, <\/p>\n\n\n\n<p>                     Reha oder Sonstigem. Auch ein verl\u00e4ngertes Wochenende ist m\u00f6glich. Selbstverst\u00e4ndlich kann ich w\u00e4hrend eurer Abwesendheit  bei euch einziehen .Aber auch ein vor Ort bei mir w\u00e4re m\u00f6glich.<\/p>\n\n\n\n<p>Rechts ist der Buchungskalender ,da k\u00f6nnt ihr Euch eintragen f\u00fcr die Zeit, die Ihr gerne buchen m\u00f6chtet. Ihr seht dort auch, welche Tage schon belegt ,bzw Anfragen sind.<\/p>\n\n\n\n<p>Beim buchen bitte immer den Tag angeben an dem ich bei euch sein soll; und den Tag an dem ich abreise,  danke <\/p>\n\n\n\n<p>Viel Spa\u00df beim durchst\u00f6bern meiner Homepage<\/p>\n\n\n\n<p><\/p>\n\n\n\n<p>Nat\u00fcrlich d\u00fcrft ihr mir auf meinem G\u00e4stebuch ein paar Worte hinterlassen. Auch wenn ihr &#8222;nur &#8220; einfach mal so  schaut.  Ich bin f\u00fcr jedes Feedback dankbar.<\/p>\n\n\n\n<p><\/p>\n\n\n\n<p><\/p>\n","protected":false},"excerpt":{"rendered":"<p>Hallo liebe Besucher! Wie der Name schon sagt, geht es hier um Haus und Pfote. Das hei\u00dft: Ihr m\u00f6chtet in Urlaub fahren und habt Haustiere, die versorgt werden m\u00fcssen. Dabei sollen die Haustiere in ihrem gewohnten Umfeld bleiben. Kein Problem, &hellip; <a href=\"https:\/\/haus-und-pfote.de\/\">Weiterlesen <span class=\"meta-nav\">&rarr;<\/span><\/a><\/p>\n","protected":false},"author":3,"featured_media":0,"parent":0,"menu_order":0,"comment_status":"closed","ping_status":"closed","template":"","meta":{"footnotes":""},"class_list":["post-26","page","type-page","status-publish","hentry"],"_links":{"self":[{"href":"https:\/\/haus-und-pfote.de\/index.php?rest_route=\/wp\/v2\/pages\/26","targetHints":{"allow":["GET"]}}],"collection":[{"href":"https:\/\/haus-und-pfote.de\/index.php?rest_route=\/wp\/v2\/pages"}],"about":[{"href":"https:\/\/haus-und-pfote.de\/index.php?rest_route=\/wp\/v2\/types\/page"}],"author":[{"embeddable":true,"href":"https:\/\/haus-und-pfote.de\/index.php?rest_route=\/wp\/v2\/users\/3"}],"replies":[{"embeddable":true,"href":"https:\/\/haus-und-pfote.de\/index.php?rest_route=%2Fwp%2Fv2%2Fcomments&post=26"}],"version-history":[{"count":10,"href":"https:\/\/haus-und-pfote.de\/index.php?rest_route=\/wp\/v2\/pages\/26\/revisions"}],"predecessor-version":[{"id":397,"href":"https:\/\/haus-und-pfote.de\/index.php?rest_route=\/wp\/v2\/pages\/26\/revisions\/397"}],"wp:attachment":[{"href":"https:\/\/haus-und-pfote.de\/index.php?rest_route=%2Fwp%2Fv2%2Fmedia&parent=26"}],"curies":[{"name":"wp","href":"https:\/\/api.w.org\/{rel}","templated":true}]}}