{"id":38,"date":"2020-03-17T16:59:42","date_gmt":"2020-03-17T16:59:42","guid":{"rendered":"http:\/\/haus-und-pfote.de\/?page_id=38"},"modified":"2020-03-17T17:10:54","modified_gmt":"2020-03-17T17:10:54","slug":"agbs","status":"publish","type":"page","link":"https:\/\/haus-und-pfote.de\/?page_id=38","title":{"rendered":"AGBs"},"content":{"rendered":"\n<p>Haus-und-Pfote Urlaubsbetreuung<\/p>\n\n\n\n<p>Allgemeine Gesch\u00e4ftsbedingungen (AGB)<\/p>\n\n\n\n<p>Geltung der Bedingungen<br>\nAngebot und Leistungserbringung der Haus und Pfote Urlaubsbetreuung erfolgen auf der Grundlage der hier vorliegenden Gesch\u00e4ftsbedingungen. Diese gelten in den vertraglichen Beziehungen bis zu deren vollst\u00e4ndiger Abwicklung zwischen der Haus Und Pfote Urlaubsbetreuung  und dem Vertragspartner.<br>\nLeistungsgegenstand und Leistungserbringung<br>\nGegenstand des Vertrages ist die Erbringung von Diensten im Bereich Tiersitting, Gassiservice, Haussitting und der allgemeinen Betreuung von Tieren. Die Haus und Pfote Urlaubsbetreuung  verpflichtet sich, den ihr erteilten Auftrag nach bestem Wissen und K\u00f6nnen und mit allen ihr zur Verf\u00fcgung stehenden Mitteln und M\u00f6glichkeiten zu erledigen.<br>\nDie Haus und Pfote Urlaubsbetreuung  verpflichtet sich weiterhin, die ihr anvertrauten Tiere bestm\u00f6glich zu versorgen. Alle \u00fcberlassenen Tiere werden art- und verhaltensgerecht behandelt, betreut, transportiert und ausgef\u00fchrt. Auf eine strikte Einhaltung des Tierschutzgesetzes wird geachtet. Abgeschlossene Berufsausbildungen wie z.B. Tierpfleger, G\u00e4rtner usw. der Inhaber m\u00fcssen nicht vorliegen.<br>\nAlle Gegenst\u00e4nde (z.B. Schl\u00fcssel oder Dokumente), die der Haus und Pfote Urlaubsbetreuung \u00fcbergeben werden, werden sorgf\u00e4ltig verwahrt und vor dem Missbrauch durch Dritte gesch\u00fctzt. Sofern eine Betreuung in den R\u00e4umlichkeiten des Auftraggebers vereinbart wurde, verpflichtet sich die Haus und Pfote Urlaubsbetreuung, in den R\u00e4umlichkeiten des Vertragspartners mit gr\u00f6\u00dfter Sorgfalt zu agieren und unberechtigten Dritten keinen Zutritt zu diesen R\u00e4umlichkeiten zu gew\u00e4hren.<\/p>\n\n\n\n<p>Vertragsabschluss<br>\nIn Flyern, Anzeigen usw. enthaltene Leistungsangebote sind unverbindlich. Auftr\u00e4ge bed\u00fcrfen zur Rechtswirksamkeit der schriftlichen Vertragsbest\u00e4tigung, wobei die Haus und Pfote Urlaubsbetreuung nicht verpflichtet ist, mit jedem Interessenten einen Dienstleistungsvertrag abzuschlie\u00dfen.<br>\nDer Beginn der T\u00e4tigkeit der Haus und Pfote Urlaubsbetreuung ist von der schriftlichen Auftragserteilung durch den Vertragspartner abh\u00e4ngig.<br>\nEmail   oder                                                     Postweg<br>\nHausundPfote@gmx.de                               Jaqueline Stock Hauptstr. 63         76756 Bellheim<\/p>\n\n\n\n<p>Verg\u00fctung<br>\nDer Anspruch auf Verg\u00fctung entsteht, wenn dieHaus und Pfote Urlaubsbetreuung  f\u00fcr den Vertragspartner die vereinbarte Leistung erbracht hat. M\u00f6chte der Vertragspartner die Dienste der Haus und Pfote Urlaubsbetreuung stornieren , so fallen je nach Zeitraum Stornierungsgeb\u00fchren an. F\u00fcr die Bezahlung der Verg\u00fctung haftet in jedem Fall der Vertragspartner, auch im Falle einer Kosten\u00fcbernahme durch andere Stellen.<br>\nDas vereinbarte Entgelt ist bar sofort am Anreisetag oder per \u00dcberweisung   14 Tage vor Vertragsbeginn    ohne Abzug f\u00e4llig.                                                                                                                                                                                                                                                                                                                                                                                                                                                                                                                                                                                                                                                                                                          <br>\nStornogeb\u00fchren: Kosten die f\u00fcr den Betreuungszeitraum angefallen w\u00e4ren, werden wie folgt in Rechnung gestellt.<\/p>\n\n\n\n<pre class=\"wp-block-code\"><code>                              3 wochen vorher     10 %\n                             14 Tage      vorher     30 %\n                              8 Tage      vorher      50 %\n                       3-1     Tage      vorher      75 %      <\/code><\/pre>\n\n\n\n<p>Haftungsbegrenzung<br>\nDie Haus und Pfote Urlaubsbetreuung haftet nicht f\u00fcr die Erbringung der angebotenen Dienstleistung. Schadensersatzanspr\u00fcche aus positiver Forderungsverletzung, aus Verschulden bei Vertragsabschluss und aus unerlaubter Handlung sind gegen die Haus und PfoteUrlaubsbetreuung ausgeschlossen, soweit der Schaden nicht vors\u00e4tzlich oder grob fahrl\u00e4ssig verursacht worden ist. Die Haus und Pfote Urlaubsbetreuung haftet ferner nicht f\u00fcr Schadensersatzanspr\u00fcche, f\u00fcr deren Entstehen falsche oder unkorrekte Angaben des Vertragspartners urs\u00e4chlich sind.<br>\nF\u00fcr Sch\u00e4den am Eigentum des Vertragspartners, die durch die Haus und Pfote Urlaubsbetreuung verursacht worden sind, haftet diese uneingeschr\u00e4nk. Der Vertragspartner verpflichtet sich, den Schaden innerhalb von 24 Stunden nach Bekanntwerden der Haus und Pfote Urlaubsbetreuung in schriftlicher Form anzuzeigen;(Datum des Poststempels ) ansonsten erlischt der Anspruch.<br>\nDer Tierhalter haftet bei Angriffen des Tieres auf dritte Personen nach \u00a7 833 BGB. Der Tiersitter kann f\u00fcr Sch\u00e4den und Krankheiten, die das Tier w\u00e4hrend der Betreuungszeit erleidet, nicht haftbar gemacht werden. Die Haftung des Tiersitters ist ausdr\u00fccklich auf grobe Fahrl\u00e4ssigkeit und Vorsatz beschr\u00e4nkt. Es wird weiterhin keine Haftung f\u00fcr die eventuelle Deckung von l\u00e4ufigen H\u00fcndinnen \u00fcbernommen.<\/p>\n\n\n\n<p>Sofern der Hundehalter einen Aus- oder Freilauf ohne Leine w\u00fcnscht, erfolgt dies ausschlie\u00dflich auf Gefahr und Risiko des Eigent\u00fcmers des Tieres. Der Tierhalter bleibt Eigent\u00fcmer des Tieres nach \u00a7 833 BGB und versichert, dass das Tier gesund und frei von ansteckenden Krankheiten und Parasiten ist, dass das Tier vollst\u00e4ndig geimpft ist (der Impfausweis ist, soweit das m\u00f6glich ist, vor Inanspruchnahme des gebuchten Services vorzulegen), dass das Tier weder bissig ist noch mutwillig abgerichtet wurde, dass bei Hunden eine Haftpflichtversicherung abgeschlossen wurde (das Bestehen der Versicherung ist nachzuweisen) und dass das Tier (soweit erforderlich) bei den zust\u00e4ndigen Beh\u00f6rden angemeldet ist und die daf\u00fcr f\u00e4lligen Steuern oder Geb\u00fchren entrichtet wurden.<\/p>\n\n\n\n<p>Der Tierhalter muss im Schadensfall f\u00fcr alle Sch\u00e4den, die durch das zu betreuende Tier entstanden sind, aufkommen. Eine zivilrechtliche Schadenhaftung durch die Haus und Pfote Urlaubsbetreuung wird vertraglich ausgeschlossen.<br>\n Es besteht keine Haftung f\u00fcr Verletzungen des Hundes, Verletzungen aus Raufereien mit anderen Tieren, Menschen oder f\u00fcr Sachsch\u00e4den.<\/p>\n\n\n\n<p>Erkrankung eines Tieres<br>\nH\u00e4lt der Tiersitter eine tier\u00e4rztliche Behandlung f\u00fcr sofort notwendig (lebensbedrohlicher Zustand des Tieres), so willigt der Tierhalter bereits schon jetzt darin ein, dass das Tier im Auftrag des Eigent\u00fcmers auf dessen Rechnung in tier\u00e4rztliche Behandlung kommt. Bei eventuellen anderen Verletzungen des Tieres wird eine vorherige telefonische Absprache mit dem Tierhalter\/Eigent\u00fcmer gehalten.<br>\nDie hierdurch entstehenden Kosten tr\u00e4gt alleine der Tierhalter\/Eigent\u00fcmer. Nach Absprache kann das zu betreuende Tier an dem vom Tierhalter gew\u00fcnschten Ort abgeholt und auch dorthin zur\u00fcck gebracht werden.<\/p>\n\n\n\n<p>Datenschutz<br>\nDie Haus und Pfote Urlaubsbetreuung behandelt alle ihr im Zusammenhang mit ihrer T\u00e4tigkeit bekannt gewordenen Daten und Informationen vertraulich. Personenbezogene Daten werden nur gespeichert, soweit der Vertragspartner im Einzelfall nach Ma\u00dfgabe des \u00a7 4 des Bundesdatenschutzgesetzes eingewilligt hat. Personenbezogene Daten werden gel\u00f6scht und vernichtet, soweit nicht gesetzliche Aufbewahrungspflichten oder ein berechtigtes Interesse des Vermittlers dem entgegenstehen.<\/p>\n\n\n\n<p>\u00c4nderung der Gesch\u00e4ftsbedingungen<br>\n\u00dcber \u00c4nderungen der Gesch\u00e4ftsbedingungen wird die Haus und Pfote Urlaubsbetreuung den Vertragspartner schriftlich unterrichten. Sofern dieser nicht einen Monat nach Bekanntgabe schriftlich widerspricht, gilt dies als Einverst\u00e4ndnis.<\/p>\n\n\n\n<p>Erf\u00fcllungsort und Gerichtsstand<br>\nErf\u00fcllungsort f\u00fcr die beidseitigen Vertragsverpflichtungen ist das Amtsgericht Germersheim. Die Parteien vereinbaren f\u00fcr alle sich aus dem Vertragsverh\u00e4ltnis etwaig ergebenen Streitigkeiten das Amtsgericht Germersheim als \u00f6rtlich zust\u00e4ndiges Gericht.<br>\nSollten einzelne Klauseln dieser Allgemeinen Gesch\u00e4ftsbedingungen ganz oder teilweise ung\u00fcltig sein, so ber\u00fchrt das die Wirksamkeit der \u00fcbrigen Klauseln nicht. Eine unwirksame Bestimmung wird durch eine solche Bestimmung ersetzt, die dem wirtschaftlichen Zweck der unwirksamen Regelung am n\u00e4chsten kommt und wirksam ist.<\/p>\n\n\n\n<pre class=\"wp-block-code\"><code>                      Ihre Tiere und Ihr Heim in guten H\u00e4nden                                                                                                                                    <\/code><\/pre>\n","protected":false},"excerpt":{"rendered":"<p>Haus-und-Pfote Urlaubsbetreuung Allgemeine Gesch\u00e4ftsbedingungen (AGB) Geltung der Bedingungen Angebot und Leistungserbringung der Haus und Pfote Urlaubsbetreuung erfolgen auf der Grundlage der hier vorliegenden Gesch\u00e4ftsbedingungen. Diese gelten in den vertraglichen Beziehungen bis zu deren vollst\u00e4ndiger Abwicklung zwischen der Haus Und Pfote &hellip; <a href=\"https:\/\/haus-und-pfote.de\/?page_id=38\">Weiterlesen <span class=\"meta-nav\">&rarr;<\/span><\/a><\/p>\n","protected":false},"author":3,"featured_media":0,"parent":0,"menu_order":0,"comment_status":"closed","ping_status":"closed","template":"","meta":{"footnotes":""},"class_list":["post-38","page","type-page","status-publish","hentry"],"_links":{"self":[{"href":"https:\/\/haus-und-pfote.de\/index.php?rest_route=\/wp\/v2\/pages\/38","targetHints":{"allow":["GET"]}}],"collection":[{"href":"https:\/\/haus-und-pfote.de\/index.php?rest_route=\/wp\/v2\/pages"}],"about":[{"href":"https:\/\/haus-und-pfote.de\/index.php?rest_route=\/wp\/v2\/types\/page"}],"author":[{"embeddable":true,"href":"https:\/\/haus-und-pfote.de\/index.php?rest_route=\/wp\/v2\/users\/3"}],"replies":[{"embeddable":true,"href":"https:\/\/haus-und-pfote.de\/index.php?rest_route=%2Fwp%2Fv2%2Fcomments&post=38"}],"version-history":[{"count":3,"href":"https:\/\/haus-und-pfote.de\/index.php?rest_route=\/wp\/v2\/pages\/38\/revisions"}],"predecessor-version":[{"id":43,"href":"https:\/\/haus-und-pfote.de\/index.php?rest_route=\/wp\/v2\/pages\/38\/revisions\/43"}],"wp:attachment":[{"href":"https:\/\/haus-und-pfote.de\/index.php?rest_route=%2Fwp%2Fv2%2Fmedia&parent=38"}],"curies":[{"name":"wp","href":"https:\/\/api.w.org\/{rel}","templated":true}]}}